{"id":31929,"date":"2024-03-21T12:09:24","date_gmt":"2024-03-21T12:09:24","guid":{"rendered":"https:\/\/aridosmach.cl\/sitio\/?page_id=31929"},"modified":"2024-04-26T20:26:12","modified_gmt":"2024-04-26T20:26:12","slug":"servicios","status":"publish","type":"page","link":"https:\/\/aridosmach.cl\/sitio\/servicios\/","title":{"rendered":"SERVICIOS"},"content":{"rendered":"<div class=\"wpb-content-wrapper\"><p>[vc_row css=&#8221;.vc_custom_1500457128654{margin-bottom: 4vh !important;}&#8221;][vc_column width=&#8221;1\/4&#8243; css=&#8221;.vc_custom_1502351031091{padding-top: 0px !important;}&#8221;][\/vc_column][vc_column width=&#8221;1\/2&#8243;]<div class=\"title-wrapper  basel-title-color-default basel-title-style-simple basel-title-size-default text-center \"><span class=\"title-subtitle font-default\">\u00c1RIDOS MACH<\/span><div class=\"liner-continer\"> <span class=\"left-line\"><\/span> <h4 class=\"title\" >SERVICIOS DESTACADOS:<span class=\"title-separator\"><span><\/span><\/span><\/h4> <span class=\"right-line\"><\/span> <\/div><span class=\"title-after_title\">Conoce nuestros servicios, que dan cuenta de la experiencia en el \u00e1rea de los \u00e1ridos y la construcci\u00f3n.<\/span><\/div>[\/vc_column][vc_column width=&#8221;1\/4&#8243; css=&#8221;.vc_custom_1502351027406{padding-top: 0px !important;}&#8221;][\/vc_column][\/vc_row][vc_row][vc_column offset=&#8221;vc_col-lg-6 vc_col-md-6&#8243;]\n\t\t\t<div class=\"promo-banner-wrapper\">\n\t\t\t\t<div class=\"promo-banner cursor-pointer text-center vertical-alignment-bottom banner-3 hover-4 color-scheme-dark \" onclick=\"window.location.href='#'\" >\n\n\t\t\t\t\t<div class=\"main-wrapp-img\">\n\t\t\t\t\t\t<div class=\"banner-image\">\n\t\t\t\t\t\t\t\t\t\t\t\t\t\t\t\t\t\t\t\t\t\t\t\t<img decoding=\"async\" class=\"promo-banner-image image-1 \" src=\"https:\/\/aridosmach.cl\/sitio\/wp-content\/uploads\/2024\/04\/TRASLADO-DE-ARIDOS-1-555x290.jpeg\" width=\"555\" height=\"290\" alt=\"TRASLADO DE ARIDOS\" title=\"TRASLADO DE ARIDOS\" loading=\"lazy\" \/>\t\t\t\t\t\t\t\t\t\t\t\t\t\t\t\t\t\t\t\t\t<\/div>\n\t\t\t\t\t<\/div>\n\n\t\t\t\t\t<div class=\"wrapper-content-baner\">\n\t\t\t\t\t\t<div class=\"banner-inner\">\n\t\t\t\t\t\t\t<\/p>\n<h4 style=\"margin-bottom: 5px; font-size: 28px; text-align: right;\"><span style=\"color: #ffffff;\">TRASLADO DE\u00a0<\/span><br \/>\n<span style=\"color: #ffcc00;\">\u00c1RIDOS<\/span><\/h4>\n<p>\n\t\t\t\t\t\t<\/div>\n\t\t\t\t\t<\/div>\n\n\t\t\t\t<\/div>\n\t\t\t<\/div>\n\n\t\t\n\t\t\t<div class=\"promo-banner-wrapper\">\n\t\t\t\t<div class=\"promo-banner cursor-pointer text-center vertical-alignment-bottom banner-3 hover-4 color-scheme-dark \" onclick=\"window.location.href='#'\" >\n\n\t\t\t\t\t<div class=\"main-wrapp-img\">\n\t\t\t\t\t\t<div class=\"banner-image\">\n\t\t\t\t\t\t\t\t\t\t\t\t\t\t\t\t\t\t\t\t\t\t\t\t<img decoding=\"async\" class=\"promo-banner-image image-1 \" src=\"https:\/\/aridosmach.cl\/sitio\/wp-content\/uploads\/2024\/04\/MOVIMIENTOS-DE-TIERRA-1-555x290.jpeg\" width=\"555\" height=\"290\" alt=\"MOVIMIENTOS DE TIERRA\" title=\"MOVIMIENTOS DE TIERRA\" loading=\"lazy\" \/>\t\t\t\t\t\t\t\t\t\t\t\t\t\t\t\t\t\t\t\t\t<\/div>\n\t\t\t\t\t<\/div>\n\n\t\t\t\t\t<div class=\"wrapper-content-baner\">\n\t\t\t\t\t\t<div class=\"banner-inner\">\n\t\t\t\t\t\t\t<\/p>\n<h4 style=\"margin-bottom: 5px; font-size: 28px;\"><span style=\"color: #ffffff;\">MOVIMIENTO<\/span><br \/>\n<span style=\"color: #ffcc00;\">DE TIERRA<\/span><\/h4>\n<p>\n\t\t\t\t\t\t<\/div>\n\t\t\t\t\t<\/div>\n\n\t\t\t\t<\/div>\n\t\t\t<\/div>\n\n\t\t[\/vc_column][vc_column width=&#8221;1\/2&#8243; offset=&#8221;vc_hidden-sm&#8221;]\n\t\t\t<div class=\"promo-banner-wrapper\">\n\t\t\t\t<div class=\"promo-banner cursor-pointer text-right vertical-alignment-bottom banner-3 hover-4 color-scheme-dark \" onclick=\"window.location.href='#'\" >\n\n\t\t\t\t\t<div class=\"main-wrapp-img\">\n\t\t\t\t\t\t<div class=\"banner-image\">\n\t\t\t\t\t\t\t\t\t\t\t\t\t\t\t\t\t\t\t\t\t\t\t\t<img decoding=\"async\" class=\"promo-banner-image image-1 \" src=\"https:\/\/aridosmach.cl\/sitio\/wp-content\/uploads\/2024\/04\/ARRIENDO-DE-MAQUINARIA-555x290.jpg\" width=\"555\" height=\"290\" alt=\"ARRIENDO DE MAQUINARIA\" title=\"ARRIENDO DE MAQUINARIA\" loading=\"lazy\" \/>\t\t\t\t\t\t\t\t\t\t\t\t\t\t\t\t\t\t\t\t\t<\/div>\n\t\t\t\t\t<\/div>\n\n\t\t\t\t\t<div class=\"wrapper-content-baner\">\n\t\t\t\t\t\t<div class=\"banner-inner\">\n\t\t\t\t\t\t\t<\/p>\n<h4 style=\"margin-bottom: 5px; font-size: 28px;\"><span style=\"color: #ffffff;\">ARRIENDO DE<\/span><br \/>\n<span style=\"color: #ffcc00;\">MAQUINARIA<\/span><\/h4>\n<p>\n\t\t\t\t\t\t<\/div>\n\t\t\t\t\t<\/div>\n\n\t\t\t\t<\/div>\n\t\t\t<\/div>\n\n\t\t\n\t\t\t<div class=\"promo-banner-wrapper\">\n\t\t\t\t<div class=\"promo-banner cursor-pointer text-right vertical-alignment-bottom banner-3 hover-4 color-scheme-dark \" onclick=\"window.location.href='#'\" >\n\n\t\t\t\t\t<div class=\"main-wrapp-img\">\n\t\t\t\t\t\t<div class=\"banner-image\">\n\t\t\t\t\t\t\t\t\t\t\t\t\t\t\t\t\t\t\t\t\t\t\t\t<img decoding=\"async\" class=\"promo-banner-image image-1 \" src=\"https:\/\/aridosmach.cl\/sitio\/wp-content\/uploads\/2024\/04\/RETIROS-DE-ESCOMBRO-555x290.jpeg\" width=\"555\" height=\"290\" alt=\"RETIROS DE ESCOMBRO\" title=\"RETIROS DE ESCOMBRO\" loading=\"lazy\" \/>\t\t\t\t\t\t\t\t\t\t\t\t\t\t\t\t\t\t\t\t\t<\/div>\n\t\t\t\t\t<\/div>\n\n\t\t\t\t\t<div class=\"wrapper-content-baner\">\n\t\t\t\t\t\t<div class=\"banner-inner\">\n\t\t\t\t\t\t\t<\/p>\n<h4 style=\"margin-bottom: 5px; font-size: 28px;\"><span style=\"color: #ffffff;\">RETIRO DE<\/span><br \/>\n<span style=\"color: #ffcc00;\">ESCOMBROS<\/span><\/h4>\n<p>\n\t\t\t\t\t\t<\/div>\n\t\t\t\t\t<\/div>\n\n\t\t\t\t<\/div>\n\t\t\t<\/div>\n\n\t\t[\/vc_column][\/vc_row][vc_row css=&#8221;.vc_custom_1502263324031{margin-bottom: 6vh !important;}&#8221;][vc_column offset=&#8221;vc_col-lg-6 vc_col-md-6 vc_col-xs-12&#8243;]\n\t\t\t<div class=\"promo-banner-wrapper\">\n\t\t\t\t<div class=\"promo-banner cursor-pointer text-right vertical-alignment-bottom banner-3 hover-1 color-scheme-dark \" onclick=\"window.location.href='#'\" >\n\n\t\t\t\t\t<div class=\"main-wrapp-img\">\n\t\t\t\t\t\t<div class=\"banner-image\">\n\t\t\t\t\t\t\t\t\t\t\t\t\t\t\t\t\t\t\t\t\t\t\t\t<img decoding=\"async\" class=\"promo-banner-image image-1 \" src=\"https:\/\/aridosmach.cl\/sitio\/wp-content\/uploads\/2024\/04\/EXCAVACIONES-555x290.jpg\" width=\"555\" height=\"290\" alt=\"EXCAVACIONES\" title=\"EXCAVACIONES\" loading=\"lazy\" \/>\t\t\t\t\t\t\t\t\t\t\t\t\t\t\t\t\t\t\t\t\t<\/div>\n\t\t\t\t\t<\/div>\n\n\t\t\t\t\t<div class=\"wrapper-content-baner\">\n\t\t\t\t\t\t<div class=\"banner-inner\">\n\t\t\t\t\t\t\t<\/p>\n<h4 style=\"margin-bottom: 5px; font-size: 28px;\"><span style=\"color: #ffffff;\">EXCAVACIONES<\/span><\/h4>\n<p>\n\t\t\t\t\t\t<\/div>\n\t\t\t\t\t<\/div>\n\n\t\t\t\t<\/div>\n\t\t\t<\/div>\n\n\t\t[\/vc_column][vc_column width=&#8221;1\/2&#8243; offset=&#8221;vc_col-lg-6 vc_col-md-6 vc_col-xs-12&#8243;][\/vc_column][\/vc_row]<\/p>\n<\/div>","protected":false},"excerpt":{"rendered":"<p>[vc_row css=&#8221;.vc_custom_1500457128654{margin-bottom: 4vh !important;}&#8221;][vc_column width=&#8221;1\/4&#8243; css=&#8221;.vc_custom_1502351031091{padding-top: 0px !important;}&#8221;][\/vc_column][vc_column width=&#8221;1\/2&#8243;][\/vc_column][vc_column width=&#8221;1\/4&#8243; css=&#8221;.vc_custom_1502351027406{padding-top: 0px !important;}&#8221;][\/vc_column][\/vc_row][vc_row][vc_column offset=&#8221;vc_col-lg-6 vc_col-md-6&#8243;][\/vc_column][vc_column width=&#8221;1\/2&#8243; offset=&#8221;vc_hidden-sm&#8221;][\/vc_column][\/vc_row][vc_row css=&#8221;.vc_custom_1502263324031{margin-bottom: 6vh !important;}&#8221;][vc_column<\/p>\n","protected":false},"author":1,"featured_media":0,"parent":0,"menu_order":0,"comment_status":"closed","ping_status":"closed","template":"","meta":{"footnotes":""},"class_list":["post-31929","page","type-page","status-publish","hentry"],"_links":{"self":[{"href":"https:\/\/aridosmach.cl\/sitio\/wp-json\/wp\/v2\/pages\/31929","targetHints":{"allow":["GET"]}}],"collection":[{"href":"https:\/\/aridosmach.cl\/sitio\/wp-json\/wp\/v2\/pages"}],"about":[{"href":"https:\/\/aridosmach.cl\/sitio\/wp-json\/wp\/v2\/types\/page"}],"author":[{"embeddable":true,"href":"https:\/\/aridosmach.cl\/sitio\/wp-json\/wp\/v2\/users\/1"}],"replies":[{"embeddable":true,"href":"https:\/\/aridosmach.cl\/sitio\/wp-json\/wp\/v2\/comments?post=31929"}],"version-history":[{"count":12,"href":"https:\/\/aridosmach.cl\/sitio\/wp-json\/wp\/v2\/pages\/31929\/revisions"}],"predecessor-version":[{"id":32260,"href":"https:\/\/aridosmach.cl\/sitio\/wp-json\/wp\/v2\/pages\/31929\/revisions\/32260"}],"wp:attachment":[{"href":"https:\/\/aridosmach.cl\/sitio\/wp-json\/wp\/v2\/media?parent=31929"}],"curies":[{"name":"wp","href":"https:\/\/api.w.org\/{rel}","templated":true}]}}